{"id":18,"date":"2025-11-16T04:36:03","date_gmt":"2025-11-16T04:36:03","guid":{"rendered":"https:\/\/al-mostabserin.com\/portuguese\/?page_id=18"},"modified":"2025-11-16T04:36:03","modified_gmt":"2025-11-16T04:36:03","slug":"midia-dos-convertidos-ao-xiismo-radio-e-televisao","status":"publish","type":"page","link":"https:\/\/al-mostabserin.com\/portuguese\/home\/midia-dos-convertidos-ao-xiismo-radio-e-televisao","title":{"rendered":"M\u00eddia dos convertidos ao xiismo (r\u00e1dio e televis\u00e3o)"},"content":{"rendered":"<p><script>var curLng=new URL(location.href).pathname.split('\/')[1];location.href=\"\/\"+curLng+\"\/category\/media\"<\/script><\/p>\n<!--themify_builder_content-->\n<div id=\"themify_builder_content-18\" data-postid=\"18\" class=\"themify_builder_content themify_builder_content-18 themify_builder tf_clear\">\n    <\/div>\n<!--\/themify_builder_content-->\n","protected":false},"excerpt":{"rendered":"","protected":false},"author":1,"featured_media":0,"parent":14,"menu_order":0,"comment_status":"closed","ping_status":"closed","template":"","meta":{"footnotes":""},"class_list":["post-18","page","type-page","status-publish","hentry","has-post-title","has-post-date","has-post-category","has-post-tag","has-post-comment","has-post-author",""],"_links":{"self":[{"href":"https:\/\/al-mostabserin.com\/portuguese\/wp-json\/wp\/v2\/pages\/18","targetHints":{"allow":["GET"]}}],"collection":[{"href":"https:\/\/al-mostabserin.com\/portuguese\/wp-json\/wp\/v2\/pages"}],"about":[{"href":"https:\/\/al-mostabserin.com\/portuguese\/wp-json\/wp\/v2\/types\/page"}],"author":[{"embeddable":true,"href":"https:\/\/al-mostabserin.com\/portuguese\/wp-json\/wp\/v2\/users\/1"}],"replies":[{"embeddable":true,"href":"https:\/\/al-mostabserin.com\/portuguese\/wp-json\/wp\/v2\/comments?post=18"}],"version-history":[{"count":2,"href":"https:\/\/al-mostabserin.com\/portuguese\/wp-json\/wp\/v2\/pages\/18\/revisions"}],"predecessor-version":[{"id":31,"href":"https:\/\/al-mostabserin.com\/portuguese\/wp-json\/wp\/v2\/pages\/18\/revisions\/31"}],"up":[{"embeddable":true,"href":"https:\/\/al-mostabserin.com\/portuguese\/wp-json\/wp\/v2\/pages\/14"}],"wp:attachment":[{"href":"https:\/\/al-mostabserin.com\/portuguese\/wp-json\/wp\/v2\/media?parent=18"}],"curies":[{"name":"wp","href":"https:\/\/api.w.org\/{rel}","templated":true}]}}